{"id":28,"date":"2026-02-18T14:14:17","date_gmt":"2026-02-18T13:14:17","guid":{"rendered":"http:\/\/bezulicnibusking.cz\/?page_id=28"},"modified":"2026-04-07T15:46:14","modified_gmt":"2026-04-07T13:46:14","slug":"2024-2","status":"publish","type":"page","link":"https:\/\/bezulicnibusking.cz\/en\/2024-2\/","title":{"rendered":"2024"},"content":{"rendered":"\n<p><br>No-street Busking at the Brno Music Marathon once again had much to offer in 2024!<br>Two hundred years had passed since the birth of Bed\u0159ich Smetana, and it was no coincidence that a stylised pub appeared in the centre of Brno, evoking the environment in which the famous composer grew up\u2014a place where music blended with everyday life, the voices of regulars, and the clinking of glasses.<br><br>Next to the pub, a Ukrainian kitchen with an authentic oven was created in response to current world events, bringing into the festival themes of solidarity, hospitality, and cultural connection. Alongside music, visitors could enjoy freshly baked Ukrainian bread. &nbsp;&nbsp;<br><br>The musical dramaturgy of that year focused on the accordion\u2014an instrument that bridges the immediacy of street performance with the depth of tradition. Among those performing in the streets was Ji\u0159\u00ed \u010cevela, singer-songwriter and founding member of Circus Problem, whose musical journey began with a stolen accordion in Turkey and led from street busking to a life at the intersection of philosophy and circus. The band Vasil\u016fv Rub\u00e1\u0161 also shone with their distinctive humour and blend of accordion, guitar, and djembe, as did the energetic Swing Pigs with their \u201cten psychotropic strings.\u201d &nbsp;&nbsp;<br><br>A powerful atmosphere was created by Ptaszek &#038; Bu\u017ema, who returned in their performance to the roots of American folk music, and by Mr. Popelino, who transformed an ordinary rubbish bin into a fully fledged musical instrument. Young performers Sofie and Luisa appeared alongside scout musician Vojt\u011bch Ka\u0161par, the fiery Jamadan with their thunderous African drums, the Ukrainian band of Anna Korienieva, Faz Ol\u00e9, Sam Rycht\u00e1r, and other scouts who brought a strong sense of community to the entire event. &nbsp; In both the pub and the Ukrainian kitchen, past met present, Czech tradition met openness to the world\u2014and music merged with everyday life. &nbsp;&nbsp;<\/p>\n\n\n\n<blockquote class=\"wp-block-quote is-layout-flow wp-block-quote-is-layout-flow\">\n<p>Performers: Ji\u0159\u00ed \u010cevela, Vasil\u016fv Rub\u00e1\u0161, Swing Pigs, Ob\u0159any, Ptaczek &#038; Bu\u017ema, Mr. Popelino, Sofie a Luisa, Vojt\u011bch Ka\u0161par, Jamadan, Anna Korienieva, Faz Ol\u00e9, Sam Rycht\u00e1r; Skauti &nbsp;&nbsp;<\/p>\n<\/blockquote>\n\n\n\n<figure class=\"wp-block-gallery has-nested-images columns-2 is-cropped wp-block-gallery-1 is-layout-flex wp-block-gallery-is-layout-flex\">\n<figure data-wp-context=\"{&quot;imageId&quot;:&quot;69f3e5d63e355&quot;}\" data-wp-interactive=\"core\/image\" data-wp-key=\"69f3e5d63e355\" class=\"wp-block-image size-large wp-lightbox-container\"><img loading=\"lazy\" decoding=\"async\" width=\"1024\" height=\"819\" data-wp-class--hide=\"state.isContentHidden\" data-wp-class--show=\"state.isContentVisible\" data-wp-init=\"callbacks.setButtonStyles\" data-wp-on--click=\"actions.showLightbox\" data-wp-on--load=\"callbacks.setButtonStyles\" data-wp-on-window--resize=\"callbacks.setButtonStyles\" data-id=\"97\" src=\"https:\/\/bezulicnibusking.cz\/wp-content\/uploads\/2026\/02\/DSF9765-kopie-2-1024x819.jpg\" alt=\"\" class=\"wp-image-97\" srcset=\"https:\/\/bezulicnibusking.cz\/wp-content\/uploads\/2026\/02\/DSF9765-kopie-2-1024x819.jpg 1024w, https:\/\/bezulicnibusking.cz\/wp-content\/uploads\/2026\/02\/DSF9765-kopie-2-300x240.jpg 300w\" sizes=\"auto, (max-width: 1024px) 100vw, 1024px\" \/><button\n\t\t\tclass=\"lightbox-trigger\"\n\t\t\ttype=\"button\"\n\t\t\taria-haspopup=\"dialog\"\n\t\t\taria-label=\"Enlarge\"\n\t\t\tdata-wp-init=\"callbacks.initTriggerButton\"\n\t\t\tdata-wp-on--click=\"actions.showLightbox\"\n\t\t\tdata-wp-style--right=\"state.imageButtonRight\"\n\t\t\tdata-wp-style--top=\"state.imageButtonTop\"\n\t\t>\n\t\t\t<svg xmlns=\"http:\/\/www.w3.org\/2000\/svg\" width=\"12\" height=\"12\" fill=\"none\" viewBox=\"0 0 12 12\">\n\t\t\t\t<path fill=\"#fff\" d=\"M2 0a2 2 0 0 0-2 2v2h1.5V2a.5.5 0 0 1 .5-.5h2V0H2Zm2 10.5H2a.5.5 0 0 1-.5-.5V8H0v2a2 2 0 0 0 2 2h2v-1.5ZM8 12v-1.5h2a.5.5 0 0 0 .5-.5V8H12v2a2 2 0 0 1-2 2H8Zm2-12a2 2 0 0 1 2 2v2h-1.5V2a.5.5 0 0 0-.5-.5H8V0h2Z\" \/>\n\t\t\t<\/svg>\n\t\t<\/button><\/figure>\n\n\n\n<figure data-wp-context=\"{&quot;imageId&quot;:&quot;69f3e5d643a35&quot;}\" data-wp-interactive=\"core\/image\" data-wp-key=\"69f3e5d643a35\" class=\"wp-block-image size-large wp-lightbox-container\"><img loading=\"lazy\" decoding=\"async\" width=\"1024\" height=\"819\" data-wp-class--hide=\"state.isContentHidden\" data-wp-class--show=\"state.isContentVisible\" data-wp-init=\"callbacks.setButtonStyles\" data-wp-on--click=\"actions.showLightbox\" data-wp-on--load=\"callbacks.setButtonStyles\" data-wp-on-window--resize=\"callbacks.setButtonStyles\" data-id=\"96\" src=\"https:\/\/bezulicnibusking.cz\/wp-content\/uploads\/2026\/02\/DSF9575-kopie-2-2-1024x819.jpg\" alt=\"\" class=\"wp-image-96\" srcset=\"https:\/\/bezulicnibusking.cz\/wp-content\/uploads\/2026\/02\/DSF9575-kopie-2-2-1024x819.jpg 1024w, https:\/\/bezulicnibusking.cz\/wp-content\/uploads\/2026\/02\/DSF9575-kopie-2-2-300x240.jpg 300w\" sizes=\"auto, (max-width: 1024px) 100vw, 1024px\" \/><button\n\t\t\tclass=\"lightbox-trigger\"\n\t\t\ttype=\"button\"\n\t\t\taria-haspopup=\"dialog\"\n\t\t\taria-label=\"Enlarge\"\n\t\t\tdata-wp-init=\"callbacks.initTriggerButton\"\n\t\t\tdata-wp-on--click=\"actions.showLightbox\"\n\t\t\tdata-wp-style--right=\"state.imageButtonRight\"\n\t\t\tdata-wp-style--top=\"state.imageButtonTop\"\n\t\t>\n\t\t\t<svg xmlns=\"http:\/\/www.w3.org\/2000\/svg\" width=\"12\" height=\"12\" fill=\"none\" viewBox=\"0 0 12 12\">\n\t\t\t\t<path fill=\"#fff\" d=\"M2 0a2 2 0 0 0-2 2v2h1.5V2a.5.5 0 0 1 .5-.5h2V0H2Zm2 10.5H2a.5.5 0 0 1-.5-.5V8H0v2a2 2 0 0 0 2 2h2v-1.5ZM8 12v-1.5h2a.5.5 0 0 0 .5-.5V8H12v2a2 2 0 0 1-2 2H8Zm2-12a2 2 0 0 1 2 2v2h-1.5V2a.5.5 0 0 0-.5-.5H8V0h2Z\" \/>\n\t\t\t<\/svg>\n\t\t<\/button><\/figure>\n\n\n\n<figure data-wp-context=\"{&quot;imageId&quot;:&quot;69f3e5d647009&quot;}\" data-wp-interactive=\"core\/image\" data-wp-key=\"69f3e5d647009\" class=\"wp-block-image size-large wp-lightbox-container\"><img loading=\"lazy\" decoding=\"async\" width=\"1024\" height=\"819\" data-wp-class--hide=\"state.isContentHidden\" data-wp-class--show=\"state.isContentVisible\" data-wp-init=\"callbacks.setButtonStyles\" data-wp-on--click=\"actions.showLightbox\" data-wp-on--load=\"callbacks.setButtonStyles\" data-wp-on-window--resize=\"callbacks.setButtonStyles\" data-id=\"95\" src=\"https:\/\/bezulicnibusking.cz\/wp-content\/uploads\/2026\/02\/DSF9464-kopie-2-1024x819.jpg\" alt=\"\" class=\"wp-image-95\" srcset=\"https:\/\/bezulicnibusking.cz\/wp-content\/uploads\/2026\/02\/DSF9464-kopie-2-1024x819.jpg 1024w, https:\/\/bezulicnibusking.cz\/wp-content\/uploads\/2026\/02\/DSF9464-kopie-2-300x240.jpg 300w\" sizes=\"auto, (max-width: 1024px) 100vw, 1024px\" \/><button\n\t\t\tclass=\"lightbox-trigger\"\n\t\t\ttype=\"button\"\n\t\t\taria-haspopup=\"dialog\"\n\t\t\taria-label=\"Enlarge\"\n\t\t\tdata-wp-init=\"callbacks.initTriggerButton\"\n\t\t\tdata-wp-on--click=\"actions.showLightbox\"\n\t\t\tdata-wp-style--right=\"state.imageButtonRight\"\n\t\t\tdata-wp-style--top=\"state.imageButtonTop\"\n\t\t>\n\t\t\t<svg xmlns=\"http:\/\/www.w3.org\/2000\/svg\" width=\"12\" height=\"12\" fill=\"none\" viewBox=\"0 0 12 12\">\n\t\t\t\t<path fill=\"#fff\" d=\"M2 0a2 2 0 0 0-2 2v2h1.5V2a.5.5 0 0 1 .5-.5h2V0H2Zm2 10.5H2a.5.5 0 0 1-.5-.5V8H0v2a2 2 0 0 0 2 2h2v-1.5ZM8 12v-1.5h2a.5.5 0 0 0 .5-.5V8H12v2a2 2 0 0 1-2 2H8Zm2-12a2 2 0 0 1 2 2v2h-1.5V2a.5.5 0 0 0-.5-.5H8V0h2Z\" \/>\n\t\t\t<\/svg>\n\t\t<\/button><\/figure>\n\n\n\n<figure data-wp-context=\"{&quot;imageId&quot;:&quot;69f3e5d64fdc1&quot;}\" data-wp-interactive=\"core\/image\" data-wp-key=\"69f3e5d64fdc1\" class=\"wp-block-image size-large wp-lightbox-container\"><img loading=\"lazy\" decoding=\"async\" width=\"1024\" height=\"819\" data-wp-class--hide=\"state.isContentHidden\" data-wp-class--show=\"state.isContentVisible\" data-wp-init=\"callbacks.setButtonStyles\" data-wp-on--click=\"actions.showLightbox\" data-wp-on--load=\"callbacks.setButtonStyles\" data-wp-on-window--resize=\"callbacks.setButtonStyles\" data-id=\"91\" src=\"https:\/\/bezulicnibusking.cz\/wp-content\/uploads\/2026\/02\/DSF9965-kopie-2-1024x819.jpg\" alt=\"\" class=\"wp-image-91\" srcset=\"https:\/\/bezulicnibusking.cz\/wp-content\/uploads\/2026\/02\/DSF9965-kopie-2-1024x819.jpg 1024w, https:\/\/bezulicnibusking.cz\/wp-content\/uploads\/2026\/02\/DSF9965-kopie-2-300x240.jpg 300w\" sizes=\"auto, (max-width: 1024px) 100vw, 1024px\" \/><button\n\t\t\tclass=\"lightbox-trigger\"\n\t\t\ttype=\"button\"\n\t\t\taria-haspopup=\"dialog\"\n\t\t\taria-label=\"Enlarge\"\n\t\t\tdata-wp-init=\"callbacks.initTriggerButton\"\n\t\t\tdata-wp-on--click=\"actions.showLightbox\"\n\t\t\tdata-wp-style--right=\"state.imageButtonRight\"\n\t\t\tdata-wp-style--top=\"state.imageButtonTop\"\n\t\t>\n\t\t\t<svg xmlns=\"http:\/\/www.w3.org\/2000\/svg\" width=\"12\" height=\"12\" fill=\"none\" viewBox=\"0 0 12 12\">\n\t\t\t\t<path fill=\"#fff\" d=\"M2 0a2 2 0 0 0-2 2v2h1.5V2a.5.5 0 0 1 .5-.5h2V0H2Zm2 10.5H2a.5.5 0 0 1-.5-.5V8H0v2a2 2 0 0 0 2 2h2v-1.5ZM8 12v-1.5h2a.5.5 0 0 0 .5-.5V8H12v2a2 2 0 0 1-2 2H8Zm2-12a2 2 0 0 1 2 2v2h-1.5V2a.5.5 0 0 0-.5-.5H8V0h2Z\" \/>\n\t\t\t<\/svg>\n\t\t<\/button><\/figure>\n<\/figure>\n\n\n\n<p><\/p>\n","protected":false},"excerpt":{"rendered":"<p>No-street Busking at the Brno Music Marathon once again had much to offer in 2024!Two hundred years had passed since the birth of Bed\u0159ich Smetana, and it was no coincidence that a stylised pub appeared in the centre of Brno, evoking the environment in which the famous composer grew up\u2014a place where music blended with <a href=\"https:\/\/bezulicnibusking.cz\/en\/2024-2\/\" class=\"more-link\">&#8230;<span class=\"screen-reader-text\">  2024<\/span><\/a><\/p>\n","protected":false},"author":1,"featured_media":453,"parent":0,"menu_order":0,"comment_status":"closed","ping_status":"closed","template":"page-year.php","meta":{"_acf_changed":false,"footnotes":""},"class_list":["post-28","page","type-page","status-publish","has-post-thumbnail","hentry"],"acf":[],"_links":{"self":[{"href":"https:\/\/bezulicnibusking.cz\/en\/wp-json\/wp\/v2\/pages\/28","targetHints":{"allow":["GET"]}}],"collection":[{"href":"https:\/\/bezulicnibusking.cz\/en\/wp-json\/wp\/v2\/pages"}],"about":[{"href":"https:\/\/bezulicnibusking.cz\/en\/wp-json\/wp\/v2\/types\/page"}],"author":[{"embeddable":true,"href":"https:\/\/bezulicnibusking.cz\/en\/wp-json\/wp\/v2\/users\/1"}],"replies":[{"embeddable":true,"href":"https:\/\/bezulicnibusking.cz\/en\/wp-json\/wp\/v2\/comments?post=28"}],"version-history":[{"count":12,"href":"https:\/\/bezulicnibusking.cz\/en\/wp-json\/wp\/v2\/pages\/28\/revisions"}],"predecessor-version":[{"id":452,"href":"https:\/\/bezulicnibusking.cz\/en\/wp-json\/wp\/v2\/pages\/28\/revisions\/452"}],"wp:featuredmedia":[{"embeddable":true,"href":"https:\/\/bezulicnibusking.cz\/en\/wp-json\/wp\/v2\/media\/453"}],"wp:attachment":[{"href":"https:\/\/bezulicnibusking.cz\/en\/wp-json\/wp\/v2\/media?parent=28"}],"curies":[{"name":"wp","href":"https:\/\/api.w.org\/{rel}","templated":true}]}}